{"id":6741,"date":"2025-05-23T11:30:54","date_gmt":"2025-05-23T09:30:54","guid":{"rendered":"https:\/\/simecongress.com\/?page_id=6741"},"modified":"2025-07-17T17:17:07","modified_gmt":"2025-07-17T15:17:07","slug":"comunicati-stampa","status":"publish","type":"page","link":"https:\/\/simecongress.com\/it\/46-congresso-sime\/comunicati-stampa\/","title":{"rendered":"Comunicati stampa"},"content":{"rendered":"<div class=\"wpb-content-wrapper\"><p>[vc_row row_height_percent=&#8221;0&#8243; override_padding=&#8221;yes&#8221; h_padding=&#8221;2&#8243; top_padding=&#8221;3&#8243; bottom_padding=&#8221;3&#8243; overlay_alpha=&#8221;50&#8243; gutter_size=&#8221;3&#8243; column_width_percent=&#8221;100&#8243; shift_y=&#8221;0&#8243; z_index=&#8221;0&#8243; uncode_shortcode_id=&#8221;131482&#8243;][vc_column width=&#8221;1\/1&#8243;][vc_custom_heading text_color=&#8221;color-135249&#8243; text_size=&#8221;h1&#8243; text_weight=&#8221;800&#8243; text_transform=&#8221;uppercase&#8221; uncode_shortcode_id=&#8221;173566&#8243; text_color_type=&#8221;uncode-palette&#8221;]Comunicati stampa[\/vc_custom_heading][vc_column_text text_lead=&#8221;yes&#8221; uncode_shortcode_id=&#8221;185685&#8243; el_class=&#8221;testo-sottolineato-link&#8221;]<a href=\"https:\/\/simecongress.com\/wp-content\/uploads\/2025\/05\/Comunicatostampa1.pdf\" target=\"_blank\" rel=\"noopener\">Com. st. 1<\/a>\u00a0\u2013 Al via il 46\u00b0 Congresso della SIME \u2013 Healthspan versus Lifespan. The role of Aesthetic Medicine<\/p>\n<p><a href=\"https:\/\/simecongress.com\/wp-content\/uploads\/2025\/05\/Comunicatostampa2.pdf\" target=\"_blank\" rel=\"noopener\">Com. st. 2<\/a> &#8211; Medicina estetica: di cosa si parla (e come) sui social e sul web<\/p>\n<p><a href=\"https:\/\/simecongress.com\/wp-content\/uploads\/2025\/05\/Comunicatostampa3.pdf\" target=\"_blank\" rel=\"noopener\">Com. st. 3<\/a> &#8211; \u2018Facce da incretina\u2019 &#8211; Ecco come correggere i segni di un importante dimagrimento<\/p>\n<p><a href=\"https:\/\/simecongress.com\/wp-content\/uploads\/2025\/05\/Comunicatostampa4.pdf\" target=\"_blank\" rel=\"noopener\">Com. st. 4<\/a> &#8211; Ospiti al congresso SIME la Societ\u00e0 Italiana Genere Identit\u00e0 e Salute e la Societ\u00e0 Italiana di Endocrinologia<\/p>\n<p><a href=\"https:\/\/simecongress.com\/wp-content\/uploads\/2025\/05\/Comunicatostampa5.pdf\" target=\"_blank\" rel=\"noopener\">Com. st. 5<\/a> &#8211; Le trame della bellezza: i \u2018fili\u2019 lisci o da trazione<\/p>\n<p><a href=\"https:\/\/simecongress.com\/wp-content\/uploads\/2025\/05\/Comunicatostampa6.pdf\" target=\"_blank\" rel=\"noopener\">Com. st. 6<\/a> &#8211; Le mani protagoniste della bellezza: come proteggerle dai segni del tempo<\/p>\n<p><a href=\"https:\/\/simecongress.com\/wp-content\/uploads\/2025\/05\/Comunicatostampa7.pdf\" target=\"_blank\" rel=\"noopener\">Com. st. 7<\/a> &#8211; Come scegliere un prodotto a base di esosomi?<\/p>\n<p><a href=\"https:\/\/simecongress.com\/wp-content\/uploads\/2025\/05\/Comunicatostampa8.pdf\" target=\"_blank\" rel=\"noopener\">Com. st. 8<\/a> &#8211; Prejuvenation e intelligenza artificiale le \u2018matricole\u2019 della medicina estetica<\/p>\n<p><a href=\"https:\/\/simecongress.com\/wp-content\/uploads\/2025\/05\/Comunicatostampa9.pdf\" target=\"_blank\" rel=\"noopener\">Com. st. 9<\/a> &#8211; SIME porta la bellezza all\u2019interno delle scuole: un laboratorio di bellezza per educare i giovani a un nuovo sguardo su s\u00e9 stessi e sul mondo<\/p>\n<p><a href=\"https:\/\/simecongress.com\/wp-content\/uploads\/2025\/05\/Comunicatostampa10.pdf\" target=\"_blank\" rel=\"noopener\">Com. st. 10<\/a> &#8211; Al congresso annuale della SIME presentate le prime linee guida internazionali sulla Mesoterapia<\/p>\n<p><a href=\"https:\/\/simecongress.com\/wp-content\/uploads\/2025\/05\/Comunicatostampa11.pdf\" target=\"_blank\" rel=\"noopener\">Com. st. 11<\/a> &#8211; \u2018Bellezza senza tempo\u2019: progetto pilota della SIME dedicato alle persone ricoverate in casa di riposo per anziani<\/p>\n<p><a href=\"https:\/\/simecongress.com\/wp-content\/uploads\/2025\/05\/Comunicatostampa12.pdf\" target=\"_blank\" rel=\"noopener\">Com. st. 12<\/a> &#8211; Boom di presenze straniere al congresso SIME 2025 di Roma<\/p>\n<p><a href=\"https:\/\/simecongress.com\/wp-content\/uploads\/2025\/05\/Comunicatostampa13.pdf\" target=\"_blank\" rel=\"noopener\">Com. st. 13<\/a> &#8211; Tutta in rosa la seconda edizione del II\u00b0 \u2018Premio giornalistico SIME\u2019 intitolato a Carlo Alberto Bartoletti[\/vc_column_text][\/vc_column][\/vc_row][vc_row row_height_percent=&#8221;0&#8243; override_padding=&#8221;yes&#8221; h_padding=&#8221;2&#8243; top_padding=&#8221;0&#8243; bottom_padding=&#8221;0&#8243; overlay_alpha=&#8221;50&#8243; gutter_size=&#8221;3&#8243; column_width_percent=&#8221;100&#8243; shift_y=&#8221;0&#8243; z_index=&#8221;0&#8243; content_parallax=&#8221;0&#8243; uncode_shortcode_id=&#8221;129666&#8243;][vc_column column_width_percent=&#8221;100&#8243; align_horizontal=&#8221;align_center&#8221; gutter_size=&#8221;3&#8243; style=&#8221;dark&#8221; overlay_alpha=&#8221;50&#8243; shift_x=&#8221;0&#8243; shift_y=&#8221;0&#8243; shift_y_down=&#8221;0&#8243; z_index=&#8221;0&#8243; medium_width=&#8221;0&#8243; mobile_width=&#8221;0&#8243; width=&#8221;1\/1&#8243; uncode_shortcode_id=&#8221;167904&#8243;][\/vc_column][\/vc_row]<\/p>\n<\/div>","protected":false},"excerpt":{"rendered":"<p>[vc_row row_height_percent=&#8221;0&#8243; override_padding=&#8221;yes&#8221; h_padding=&#8221;2&#8243; top_padding=&#8221;3&#8243; bottom_padding=&#8221;3&#8243; overlay_alpha=&#8221;50&#8243; gutter_size=&#8221;3&#8243; column_width_percent=&#8221;100&#8243; shift_y=&#8221;0&#8243; z_index=&#8221;0&#8243; uncode_shortcode_id=&#8221;131482&#8243;][vc_column width=&#8221;1\/1&#8243;][vc_custom_heading text_color=&#8221;color-135249&#8243; text_size=&#8221;h1&#8243; text_weight=&#8221;800&#8243; text_transform=&#8221;uppercase&#8221; uncode_shortcode_id=&#8221;173566&#8243; text_color_type=&#8221;uncode-palette&#8221;]Comunicati stampa[\/vc_custom_heading][vc_column_text [&hellip;]<\/p>\n","protected":false},"author":1,"featured_media":0,"parent":1257,"menu_order":0,"comment_status":"closed","ping_status":"closed","template":"","meta":{"_acf_changed":false,"footnotes":""},"class_list":["post-6741","page","type-page","status-publish","hentry"],"acf":[],"_links":{"self":[{"href":"https:\/\/simecongress.com\/it\/wp-json\/wp\/v2\/pages\/6741","targetHints":{"allow":["GET"]}}],"collection":[{"href":"https:\/\/simecongress.com\/it\/wp-json\/wp\/v2\/pages"}],"about":[{"href":"https:\/\/simecongress.com\/it\/wp-json\/wp\/v2\/types\/page"}],"author":[{"embeddable":true,"href":"https:\/\/simecongress.com\/it\/wp-json\/wp\/v2\/users\/1"}],"replies":[{"embeddable":true,"href":"https:\/\/simecongress.com\/it\/wp-json\/wp\/v2\/comments?post=6741"}],"version-history":[{"count":5,"href":"https:\/\/simecongress.com\/it\/wp-json\/wp\/v2\/pages\/6741\/revisions"}],"predecessor-version":[{"id":6777,"href":"https:\/\/simecongress.com\/it\/wp-json\/wp\/v2\/pages\/6741\/revisions\/6777"}],"up":[{"embeddable":true,"href":"https:\/\/simecongress.com\/it\/wp-json\/wp\/v2\/pages\/1257"}],"wp:attachment":[{"href":"https:\/\/simecongress.com\/it\/wp-json\/wp\/v2\/media?parent=6741"}],"curies":[{"name":"wp","href":"https:\/\/api.w.org\/{rel}","templated":true}]}}