{"id":48,"date":"2024-07-30T15:52:40","date_gmt":"2024-07-30T13:52:40","guid":{"rendered":"https:\/\/simecongress.com\/?page_id=48"},"modified":"2024-09-19T16:27:08","modified_gmt":"2024-09-19T14:27:08","slug":"visita-roma","status":"publish","type":"page","link":"https:\/\/simecongress.com\/it\/46-congresso-sime\/visita-roma\/","title":{"rendered":"Visita Roma"},"content":{"rendered":"<div class=\"wpb-content-wrapper\"><p>[vc_row row_height_percent=&#8221;0&#8243; override_padding=&#8221;yes&#8221; h_padding=&#8221;0&#8243; top_padding=&#8221;2&#8243; bottom_padding=&#8221;2&#8243; overlay_alpha=&#8221;50&#8243; gutter_size=&#8221;0&#8243; column_width_percent=&#8221;100&#8243; shift_y=&#8221;0&#8243; z_index=&#8221;0&#8243; uncode_shortcode_id=&#8221;442522&#8243;][vc_column column_width_percent=&#8221;100&#8243; align_horizontal=&#8221;align_center&#8221; gutter_size=&#8221;3&#8243; override_padding=&#8221;yes&#8221; column_padding=&#8221;0&#8243; overlay_alpha=&#8221;50&#8243; border_color=&#8221;color-nhtu&#8221; border_style=&#8221;solid&#8221; shift_x=&#8221;0&#8243; shift_y=&#8221;0&#8243; shift_y_down=&#8221;0&#8243; z_index=&#8221;0&#8243; medium_width=&#8221;0&#8243; mobile_width=&#8221;0&#8243; width=&#8221;1\/2&#8243; uncode_shortcode_id=&#8221;108375&#8243; el_class=&#8221;elemento-no-cliccato&#8221; css=&#8221;.vc_custom_1726756005604{border-bottom-width: 1px !important;}&#8221; border_color_type=&#8221;uncode-palette&#8221; link_to=&#8221;url:https%3A%2F%2Fsimecongress.com%2F46-congresso-sime%2Faccommodation%2F|title:Accommodation&#8221;][vc_custom_heading text_color=&#8221;color-gyho&#8221; heading_semantic=&#8221;div&#8221; text_size=&#8221;h3&#8243; text_weight=&#8221;400&#8243; uncode_shortcode_id=&#8221;728076&#8243; text_color_type=&#8221;uncode-palette&#8221;]ACCOMMODATION[\/vc_custom_heading][\/vc_column][vc_column column_width_percent=&#8221;100&#8243; align_horizontal=&#8221;align_center&#8221; gutter_size=&#8221;3&#8243; override_padding=&#8221;yes&#8221; column_padding=&#8221;0&#8243; overlay_alpha=&#8221;50&#8243; border_color=&#8221;color-nhtu&#8221; border_style=&#8221;solid&#8221; shift_x=&#8221;0&#8243; shift_y=&#8221;0&#8243; shift_y_down=&#8221;0&#8243; z_index=&#8221;0&#8243; medium_width=&#8221;0&#8243; mobile_width=&#8221;0&#8243; width=&#8221;1\/2&#8243; uncode_shortcode_id=&#8221;440443&#8243; el_class=&#8221;elemento-cliccato&#8221; link_to=&#8221;url:https%3A%2F%2Fsimecongress.com%2F46-congresso-sime%2Fvisita-roma%2F|title:Patrocini%20e%20Collaborazioni&#8221; css=&#8221;.vc_custom_1726756013007{border-bottom-width: 1px !important;}&#8221; border_color_type=&#8221;uncode-palette&#8221;][vc_custom_heading heading_semantic=&#8221;div&#8221; text_size=&#8221;h3&#8243; uncode_shortcode_id=&#8221;513207&#8243;]VISITA ROMA[\/vc_custom_heading][\/vc_column][\/vc_row][vc_row row_height_percent=&#8221;0&#8243; override_padding=&#8221;yes&#8221; h_padding=&#8221;0&#8243; top_padding=&#8221;2&#8243; bottom_padding=&#8221;2&#8243; overlay_alpha=&#8221;50&#8243; gutter_size=&#8221;3&#8243; column_width_percent=&#8221;100&#8243; shift_y=&#8221;0&#8243; z_index=&#8221;0&#8243; uncode_shortcode_id=&#8221;885867&#8243;][vc_column width=&#8221;1\/2&#8243;][vc_single_image media=&#8221;366&#8243; media_width_percent=&#8221;100&#8243; uncode_shortcode_id=&#8221;961210&#8243;][\/vc_column][vc_column column_width_percent=&#8221;100&#8243; gutter_size=&#8221;3&#8243; overlay_alpha=&#8221;50&#8243; shift_x=&#8221;0&#8243; shift_y=&#8221;0&#8243; shift_y_down=&#8221;0&#8243; z_index=&#8221;0&#8243; medium_width=&#8221;0&#8243; mobile_width=&#8221;0&#8243; width=&#8221;1\/2&#8243; uncode_shortcode_id=&#8221;703670&#8243;][vc_custom_heading text_weight=&#8221;800&#8243; uncode_shortcode_id=&#8221;546345&#8243;]Colosseo e Fori Imperiali[\/vc_custom_heading][vc_column_text uncode_shortcode_id=&#8221;922512&#8243;]Il Colosseo, simbolo indiscusso di Roma, \u00e8 un antico anfiteatro romano famoso per le sue imponenti dimensioni e per aver ospitato giochi di gladiatori ed eventi pubblici. Situato nel cuore di Roma, continua ad attrarre milioni di visitatori ogni anno. Poco distante, i Fori Imperiali sono un complesso di piazze monumentali che raccontano la vita politica e sociale dell&#8217;antica Roma, con rovine di templi, basiliche e altri edifici pubblici che testimoniano la grandezza dell&#8217;Impero Romano.[\/vc_column_text][\/vc_column][\/vc_row][vc_row row_height_percent=&#8221;0&#8243; override_padding=&#8221;yes&#8221; h_padding=&#8221;0&#8243; top_padding=&#8221;2&#8243; bottom_padding=&#8221;2&#8243; overlay_alpha=&#8221;50&#8243; gutter_size=&#8221;3&#8243; column_width_percent=&#8221;100&#8243; shift_y=&#8221;0&#8243; z_index=&#8221;0&#8243; uncode_shortcode_id=&#8221;169495&#8243;][vc_column width=&#8221;1\/1&#8243;][vc_separator sep_color=&#8221;color-nhtu&#8221; uncode_shortcode_id=&#8221;172459&#8243; sep_color_type=&#8221;uncode-palette&#8221; el_height=&#8221;1px&#8221;][\/vc_column][\/vc_row][vc_row row_height_percent=&#8221;0&#8243; override_padding=&#8221;yes&#8221; h_padding=&#8221;0&#8243; top_padding=&#8221;2&#8243; bottom_padding=&#8221;2&#8243; overlay_alpha=&#8221;50&#8243; gutter_size=&#8221;3&#8243; column_width_percent=&#8221;100&#8243; shift_y=&#8221;0&#8243; z_index=&#8221;0&#8243; uncode_shortcode_id=&#8221;885867&#8243;][vc_column column_width_percent=&#8221;100&#8243; gutter_size=&#8221;3&#8243; overlay_alpha=&#8221;50&#8243; shift_x=&#8221;0&#8243; shift_y=&#8221;0&#8243; shift_y_down=&#8221;0&#8243; z_index=&#8221;0&#8243; medium_width=&#8221;0&#8243; mobile_width=&#8221;0&#8243; width=&#8221;1\/2&#8243; uncode_shortcode_id=&#8221;703670&#8243;][vc_custom_heading text_weight=&#8221;800&#8243; uncode_shortcode_id=&#8221;149670&#8243;]Fontana di Trevi[\/vc_custom_heading][vc_column_text uncode_shortcode_id=&#8221;163669&#8243;]Realizzata da Nicola Salvi e completata da Giuseppe Pannini, la Fontana di Trevi presenta una maestosa scultura di Oceano che guida il suo carro trainato da cavalli marini. La tradizione vuole che lanciando una moneta nella fontana, si assicuri un futuro ritorno a Roma. Circondata da un&#8217;atmosfera suggestiva, la Fontana di Trevi incanta visitatori da ogni angolo del mondo con la sua bellezza barocca.[\/vc_column_text][\/vc_column][vc_column width=&#8221;1\/2&#8243;][vc_single_image media=&#8221;374&#8243; media_width_percent=&#8221;100&#8243; uncode_shortcode_id=&#8221;141826&#8243;][\/vc_column][\/vc_row][vc_row row_height_percent=&#8221;0&#8243; override_padding=&#8221;yes&#8221; h_padding=&#8221;0&#8243; top_padding=&#8221;2&#8243; bottom_padding=&#8221;2&#8243; overlay_alpha=&#8221;50&#8243; gutter_size=&#8221;3&#8243; column_width_percent=&#8221;100&#8243; shift_y=&#8221;0&#8243; z_index=&#8221;0&#8243; uncode_shortcode_id=&#8221;169495&#8243;][vc_column width=&#8221;1\/1&#8243;][vc_separator sep_color=&#8221;color-nhtu&#8221; uncode_shortcode_id=&#8221;172459&#8243; sep_color_type=&#8221;uncode-palette&#8221; el_height=&#8221;1px&#8221;][\/vc_column][\/vc_row][vc_row row_height_percent=&#8221;0&#8243; override_padding=&#8221;yes&#8221; h_padding=&#8221;0&#8243; top_padding=&#8221;2&#8243; bottom_padding=&#8221;2&#8243; overlay_alpha=&#8221;50&#8243; gutter_size=&#8221;3&#8243; column_width_percent=&#8221;100&#8243; shift_y=&#8221;0&#8243; z_index=&#8221;0&#8243; uncode_shortcode_id=&#8221;885867&#8243;][vc_column width=&#8221;1\/2&#8243;][vc_single_image media=&#8221;375&#8243; media_width_percent=&#8221;100&#8243; uncode_shortcode_id=&#8221;444725&#8243;][\/vc_column][vc_column column_width_percent=&#8221;100&#8243; gutter_size=&#8221;3&#8243; overlay_alpha=&#8221;50&#8243; shift_x=&#8221;0&#8243; shift_y=&#8221;0&#8243; shift_y_down=&#8221;0&#8243; z_index=&#8221;0&#8243; medium_width=&#8221;0&#8243; mobile_width=&#8221;0&#8243; width=&#8221;1\/2&#8243; uncode_shortcode_id=&#8221;703670&#8243;][vc_custom_heading text_weight=&#8221;800&#8243; uncode_shortcode_id=&#8221;191702&#8243;]Piazza di Spagna[\/vc_custom_heading][vc_column_text uncode_shortcode_id=&#8221;989019&#8243;]Piazza di Spagna \u00e8 una delle piazze pi\u00f9 iconiche della citt\u00e0, famosa per la sua scalinata di Trinit\u00e0 dei Monti che offre una vista spettacolare. Al centro della piazza si trova la Fontana della Barcaccia, opera del Bernini. Circondata da eleganti edifici e negozi di lusso, Piazza di Spagna \u00e8 un punto di incontro per turisti e romani, e rappresenta il fascino e l&#8217;eleganza senza tempo di Roma.[\/vc_column_text][\/vc_column][\/vc_row][vc_row row_height_percent=&#8221;0&#8243; override_padding=&#8221;yes&#8221; h_padding=&#8221;0&#8243; top_padding=&#8221;2&#8243; bottom_padding=&#8221;2&#8243; overlay_alpha=&#8221;50&#8243; gutter_size=&#8221;3&#8243; column_width_percent=&#8221;100&#8243; shift_y=&#8221;0&#8243; z_index=&#8221;0&#8243; uncode_shortcode_id=&#8221;169495&#8243;][vc_column width=&#8221;1\/1&#8243;][vc_separator sep_color=&#8221;color-nhtu&#8221; uncode_shortcode_id=&#8221;172459&#8243; sep_color_type=&#8221;uncode-palette&#8221; el_height=&#8221;1px&#8221;][\/vc_column][\/vc_row][vc_row row_height_percent=&#8221;0&#8243; override_padding=&#8221;yes&#8221; h_padding=&#8221;0&#8243; top_padding=&#8221;2&#8243; bottom_padding=&#8221;2&#8243; overlay_alpha=&#8221;50&#8243; gutter_size=&#8221;3&#8243; column_width_percent=&#8221;100&#8243; shift_y=&#8221;0&#8243; z_index=&#8221;0&#8243; uncode_shortcode_id=&#8221;885867&#8243;][vc_column column_width_percent=&#8221;100&#8243; gutter_size=&#8221;3&#8243; overlay_alpha=&#8221;50&#8243; shift_x=&#8221;0&#8243; shift_y=&#8221;0&#8243; shift_y_down=&#8221;0&#8243; z_index=&#8221;0&#8243; medium_width=&#8221;0&#8243; mobile_width=&#8221;0&#8243; width=&#8221;1\/2&#8243; uncode_shortcode_id=&#8221;703670&#8243;][vc_custom_heading text_weight=&#8221;800&#8243; uncode_shortcode_id=&#8221;891033&#8243;]San Pietro[\/vc_custom_heading][vc_column_text uncode_shortcode_id=&#8221;816481&#8243;]La Basilica di San Pietro, situata nella Citt\u00e0 del Vaticano, \u00e8 uno dei luoghi pi\u00f9 sacri del cristianesimo. Progettata da grandi maestri come Michelangelo, Bernini e Bramante, la basilica rappresenta un capolavoro dell\u2019architettura rinascimentale ed \u00e8 famosa per la sua imponente cupola e per la magnificenza dei suoi interni. Piazza San Pietro, con il suo colonnato circolare, accoglie fedeli e turisti da tutto il mondo, offrendo una vista straordinaria e un&#8217;atmosfera di profonda spiritualit\u00e0.[\/vc_column_text][\/vc_column][vc_column width=&#8221;1\/2&#8243;][vc_single_image media=&#8221;377&#8243; media_width_percent=&#8221;100&#8243; uncode_shortcode_id=&#8221;173474&#8243;][\/vc_column][\/vc_row][vc_row row_height_percent=&#8221;0&#8243; override_padding=&#8221;yes&#8221; h_padding=&#8221;0&#8243; top_padding=&#8221;2&#8243; bottom_padding=&#8221;2&#8243; overlay_alpha=&#8221;50&#8243; gutter_size=&#8221;3&#8243; column_width_percent=&#8221;100&#8243; shift_y=&#8221;0&#8243; z_index=&#8221;0&#8243; uncode_shortcode_id=&#8221;169495&#8243;][vc_column width=&#8221;1\/1&#8243;][vc_separator sep_color=&#8221;color-nhtu&#8221; uncode_shortcode_id=&#8221;172459&#8243; sep_color_type=&#8221;uncode-palette&#8221; el_height=&#8221;1px&#8221;][\/vc_column][\/vc_row][vc_row row_height_percent=&#8221;0&#8243; override_padding=&#8221;yes&#8221; h_padding=&#8221;0&#8243; top_padding=&#8221;2&#8243; bottom_padding=&#8221;2&#8243; overlay_alpha=&#8221;50&#8243; gutter_size=&#8221;3&#8243; column_width_percent=&#8221;100&#8243; shift_y=&#8221;0&#8243; z_index=&#8221;0&#8243; uncode_shortcode_id=&#8221;885867&#8243;][vc_column width=&#8221;1\/2&#8243;][vc_single_image media=&#8221;378&#8243; media_width_percent=&#8221;100&#8243; uncode_shortcode_id=&#8221;829031&#8243;][\/vc_column][vc_column column_width_percent=&#8221;100&#8243; gutter_size=&#8221;3&#8243; overlay_alpha=&#8221;50&#8243; shift_x=&#8221;0&#8243; shift_y=&#8221;0&#8243; shift_y_down=&#8221;0&#8243; z_index=&#8221;0&#8243; medium_width=&#8221;0&#8243; mobile_width=&#8221;0&#8243; width=&#8221;1\/2&#8243; uncode_shortcode_id=&#8221;703670&#8243;][vc_custom_heading text_weight=&#8221;800&#8243; uncode_shortcode_id=&#8221;115401&#8243;]Trastevere[\/vc_custom_heading][vc_column_text uncode_shortcode_id=&#8221;210961&#8243;]La visita in questo quartiere \u00e8 un\u2019immersione nella storia popolare di Roma e ogni vicolo rivela scorci segreti. Trastevere, uno dei luoghi pi\u00f9 pittoreschi della citt\u00e0, nasconde dei tesori imperdibili come la Chiesa di San Crisogono e di Santa Cecilia e i suoi sotterranei con sarcofagi e sepolcri finemente decorati o la chiesa di Santa Maria dell\u2019Orto, ricca di arte, di incantevoli affreschi e navate.[\/vc_column_text][\/vc_column][\/vc_row][vc_row row_height_percent=&#8221;0&#8243; override_padding=&#8221;yes&#8221; h_padding=&#8221;0&#8243; top_padding=&#8221;2&#8243; bottom_padding=&#8221;2&#8243; overlay_alpha=&#8221;50&#8243; gutter_size=&#8221;3&#8243; column_width_percent=&#8221;100&#8243; shift_y=&#8221;0&#8243; z_index=&#8221;0&#8243; uncode_shortcode_id=&#8221;169495&#8243;][vc_column width=&#8221;1\/1&#8243;][vc_separator sep_color=&#8221;color-nhtu&#8221; uncode_shortcode_id=&#8221;172459&#8243; sep_color_type=&#8221;uncode-palette&#8221; el_height=&#8221;1px&#8221;][\/vc_column][\/vc_row][vc_row row_height_percent=&#8221;0&#8243; override_padding=&#8221;yes&#8221; h_padding=&#8221;0&#8243; top_padding=&#8221;2&#8243; bottom_padding=&#8221;3&#8243; overlay_alpha=&#8221;50&#8243; gutter_size=&#8221;3&#8243; column_width_percent=&#8221;100&#8243; shift_y=&#8221;0&#8243; z_index=&#8221;0&#8243; uncode_shortcode_id=&#8221;770481&#8243;][vc_column column_width_percent=&#8221;100&#8243; gutter_size=&#8221;3&#8243; overlay_alpha=&#8221;50&#8243; shift_x=&#8221;0&#8243; shift_y=&#8221;0&#8243; shift_y_down=&#8221;0&#8243; z_index=&#8221;0&#8243; medium_width=&#8221;0&#8243; mobile_width=&#8221;0&#8243; width=&#8221;1\/2&#8243; uncode_shortcode_id=&#8221;703670&#8243;][vc_custom_heading text_weight=&#8221;800&#8243; uncode_shortcode_id=&#8221;109712&#8243;]Ghetto Ebraico[\/vc_custom_heading][vc_column_text uncode_shortcode_id=&#8221;120483&#8243;]Il Ghetto Ebraico di Roma, uno dei pi\u00f9 antichi al mondo, \u00e8 un quartiere ricco di storia e cultura situato vicino al Tevere. Vero tesoro della capitale, conserva ancora oggi un&#8217;atmosfera unica con le sue strade strette, botteghe tradizionali e ristoranti kosher. Al centro del ghetto si trova la maestosa Sinagoga di Roma, simbolo della comunit\u00e0 ebraica romana.[\/vc_column_text][\/vc_column][vc_column width=&#8221;1\/2&#8243;][vc_single_image media=&#8221;379&#8243; media_width_percent=&#8221;100&#8243; uncode_shortcode_id=&#8221;154530&#8243;][\/vc_column][\/vc_row]<\/p>\n<\/div>","protected":false},"excerpt":{"rendered":"<p>[vc_row row_height_percent=&#8221;0&#8243; override_padding=&#8221;yes&#8221; h_padding=&#8221;0&#8243; top_padding=&#8221;2&#8243; bottom_padding=&#8221;2&#8243; overlay_alpha=&#8221;50&#8243; gutter_size=&#8221;0&#8243; column_width_percent=&#8221;100&#8243; shift_y=&#8221;0&#8243; z_index=&#8221;0&#8243; uncode_shortcode_id=&#8221;442522&#8243;][vc_column column_width_percent=&#8221;100&#8243; align_horizontal=&#8221;align_center&#8221; gutter_size=&#8221;3&#8243; override_padding=&#8221;yes&#8221; column_padding=&#8221;0&#8243; overlay_alpha=&#8221;50&#8243; border_color=&#8221;color-nhtu&#8221; border_style=&#8221;solid&#8221; [&hellip;]<\/p>\n","protected":false},"author":1,"featured_media":0,"parent":1257,"menu_order":0,"comment_status":"closed","ping_status":"closed","template":"","meta":{"_acf_changed":false,"footnotes":""},"class_list":["post-48","page","type-page","status-publish","hentry"],"acf":[],"_links":{"self":[{"href":"https:\/\/simecongress.com\/it\/wp-json\/wp\/v2\/pages\/48","targetHints":{"allow":["GET"]}}],"collection":[{"href":"https:\/\/simecongress.com\/it\/wp-json\/wp\/v2\/pages"}],"about":[{"href":"https:\/\/simecongress.com\/it\/wp-json\/wp\/v2\/types\/page"}],"author":[{"embeddable":true,"href":"https:\/\/simecongress.com\/it\/wp-json\/wp\/v2\/users\/1"}],"replies":[{"embeddable":true,"href":"https:\/\/simecongress.com\/it\/wp-json\/wp\/v2\/comments?post=48"}],"version-history":[{"count":10,"href":"https:\/\/simecongress.com\/it\/wp-json\/wp\/v2\/pages\/48\/revisions"}],"predecessor-version":[{"id":1269,"href":"https:\/\/simecongress.com\/it\/wp-json\/wp\/v2\/pages\/48\/revisions\/1269"}],"up":[{"embeddable":true,"href":"https:\/\/simecongress.com\/it\/wp-json\/wp\/v2\/pages\/1257"}],"wp:attachment":[{"href":"https:\/\/simecongress.com\/it\/wp-json\/wp\/v2\/media?parent=48"}],"curies":[{"name":"wp","href":"https:\/\/api.w.org\/{rel}","templated":true}]}}