{"id":2217,"date":"2025-03-26T16:48:23","date_gmt":"2025-03-26T15:48:23","guid":{"rendered":"https:\/\/simecongress.com\/?page_id=2217"},"modified":"2025-07-17T17:15:59","modified_gmt":"2025-07-17T15:15:59","slug":"european-cme-accreditation","status":"publish","type":"page","link":"https:\/\/simecongress.com\/it\/46-congresso-sime\/european-cme-accreditation\/","title":{"rendered":"European CME accreditation"},"content":{"rendered":"<div class=\"wpb-content-wrapper\"><p>[vc_row row_height_percent=&#8221;0&#8243; override_padding=&#8221;yes&#8221; h_padding=&#8221;0&#8243; top_padding=&#8221;2&#8243; bottom_padding=&#8221;3&#8243; overlay_alpha=&#8221;50&#8243; gutter_size=&#8221;3&#8243; column_width_percent=&#8221;100&#8243; shift_y=&#8221;0&#8243; z_index=&#8221;0&#8243; uncode_shortcode_id=&#8221;330561&#8243;][vc_column width=&#8221;1\/1&#8243;][vc_custom_heading heading_semantic=&#8221;h1&#8243; uncode_shortcode_id=&#8221;330580&#8243;]European CME accreditation[\/vc_custom_heading][vc_row_inner row_inner_height_percent=&#8221;0&#8243; overlay_alpha=&#8221;50&#8243; equal_height=&#8221;yes&#8221; gutter_size=&#8221;3&#8243; shift_y=&#8221;0&#8243; z_index=&#8221;0&#8243; uncode_shortcode_id=&#8221;998701&#8243;][vc_column_inner column_width_percent=&#8221;100&#8243; position_vertical=&#8221;middle&#8221; gutter_size=&#8221;3&#8243; overlay_alpha=&#8221;50&#8243; shift_x=&#8221;0&#8243; shift_y=&#8221;0&#8243; shift_y_down=&#8221;0&#8243; z_index=&#8221;0&#8243; medium_width=&#8221;0&#8243; mobile_width=&#8221;0&#8243; width=&#8221;2\/3&#8243; uncode_shortcode_id=&#8221;165747&#8243;][vc_column_text text_lead=&#8221;yes&#8221; uncode_shortcode_id=&#8221;205220&#8243;]The 46TH SIME CONGRESS \u2013 20TH AIMAA CONGRESS &#8211; HEALTHSPAN VS LIFESPAN \u2013 THE ROLE OF AESTHETIC MEDICINE, Rome, Italy 16\/05\/2025 &#8211; 18\/05\/2025, has been accredited by the European Accreditation Council for Continuing Medical Education (EACCME\u00ae) with 20.5 European CME credits (ECMEC\u00aes). Each medical specialist should claim only those hours of credit that he\/she actually spent in the educational activity.<\/p>\n<p>Through an agreement between the Union Europ\u00e9enne des M\u00e9decins Sp\u00e9cialistes and the American Medical Association, physicians may convert EACCME\u00ae credits to an equivalent number of AMA PRA Category 1 CreditsTM. Information on the process to convert EACCME\u00ae credit to AMA credit can be found at <a href=\"https:\/\/edhub.ama-assn.org\/pages\/applications\" target=\"_blank\" rel=\"noopener\"><u>https:\/\/edhub.ama-assn.org\/pages\/applications<\/u><\/a>.<\/p>\n<p>Live educational activities, occurring outside of Canada, recognised by the UEMS-EACCME\u00ae for ECMEC\u00aes are deemed to be Accredited Group Learning Activities (Section 1) as defined by the Maintenance of Certification Program of the Royal Collegeof Physicians and Surgeons of Canada.<\/p>\n<p style=\"text-align: right;\">Provider CME Med-Ex Learning<\/p>\n<p>[\/vc_column_text][\/vc_column_inner][vc_column_inner width=&#8221;1\/3&#8243;][vc_single_image media=&#8221;2218&#8243; media_width_percent=&#8221;100&#8243; uncode_shortcode_id=&#8221;156184&#8243;][\/vc_column_inner][\/vc_row_inner][\/vc_column][\/vc_row]<\/p>\n<\/div>","protected":false},"excerpt":{"rendered":"<p>[vc_row row_height_percent=&#8221;0&#8243; override_padding=&#8221;yes&#8221; h_padding=&#8221;0&#8243; top_padding=&#8221;2&#8243; bottom_padding=&#8221;3&#8243; overlay_alpha=&#8221;50&#8243; gutter_size=&#8221;3&#8243; column_width_percent=&#8221;100&#8243; shift_y=&#8221;0&#8243; z_index=&#8221;0&#8243; uncode_shortcode_id=&#8221;330561&#8243;][vc_column width=&#8221;1\/1&#8243;][vc_custom_heading heading_semantic=&#8221;h1&#8243; uncode_shortcode_id=&#8221;330580&#8243;]European CME accreditation[\/vc_custom_heading][vc_row_inner row_inner_height_percent=&#8221;0&#8243; overlay_alpha=&#8221;50&#8243; equal_height=&#8221;yes&#8221; [&hellip;]<\/p>\n","protected":false},"author":1,"featured_media":0,"parent":1257,"menu_order":0,"comment_status":"closed","ping_status":"closed","template":"","meta":{"_acf_changed":false,"footnotes":""},"class_list":["post-2217","page","type-page","status-publish","hentry"],"acf":[],"_links":{"self":[{"href":"https:\/\/simecongress.com\/it\/wp-json\/wp\/v2\/pages\/2217","targetHints":{"allow":["GET"]}}],"collection":[{"href":"https:\/\/simecongress.com\/it\/wp-json\/wp\/v2\/pages"}],"about":[{"href":"https:\/\/simecongress.com\/it\/wp-json\/wp\/v2\/types\/page"}],"author":[{"embeddable":true,"href":"https:\/\/simecongress.com\/it\/wp-json\/wp\/v2\/users\/1"}],"replies":[{"embeddable":true,"href":"https:\/\/simecongress.com\/it\/wp-json\/wp\/v2\/comments?post=2217"}],"version-history":[{"count":5,"href":"https:\/\/simecongress.com\/it\/wp-json\/wp\/v2\/pages\/2217\/revisions"}],"predecessor-version":[{"id":6792,"href":"https:\/\/simecongress.com\/it\/wp-json\/wp\/v2\/pages\/2217\/revisions\/6792"}],"up":[{"embeddable":true,"href":"https:\/\/simecongress.com\/it\/wp-json\/wp\/v2\/pages\/1257"}],"wp:attachment":[{"href":"https:\/\/simecongress.com\/it\/wp-json\/wp\/v2\/media?parent=2217"}],"curies":[{"name":"wp","href":"https:\/\/api.w.org\/{rel}","templated":true}]}}