{"id":20,"date":"2024-07-30T15:46:18","date_gmt":"2024-07-30T13:46:18","guid":{"rendered":"https:\/\/simecongress.com\/?page_id=20"},"modified":"2025-07-17T17:15:26","modified_gmt":"2025-07-17T15:15:26","slug":"lettera-di-presentazione","status":"publish","type":"page","link":"https:\/\/simecongress.com\/it\/46-congresso-sime\/lettera-di-presentazione\/","title":{"rendered":"Lettera di presentazione"},"content":{"rendered":"<div class=\"wpb-content-wrapper\"><p>[vc_row row_height_percent=&#8221;0&#8243; override_padding=&#8221;yes&#8221; h_padding=&#8221;0&#8243; top_padding=&#8221;2&#8243; bottom_padding=&#8221;2&#8243; overlay_alpha=&#8221;50&#8243; gutter_size=&#8221;3&#8243; column_width_percent=&#8221;100&#8243; shift_y=&#8221;0&#8243; z_index=&#8221;0&#8243; uncode_shortcode_id=&#8221;683780&#8243;][vc_column width=&#8221;1\/2&#8243;][vc_column_text uncode_shortcode_id=&#8221;630763&#8243;]    <script src=\"https:\/\/cdnjs.cloudflare.com\/ajax\/libs\/waypoints\/4.0.1\/jquery.waypoints.min.js\"><\/script>\n\t<!--<div class=\"\" style=\"padding: 56.25% 0 0 0; position: relative;\"><iframe id=\"player1\" style=\"position: absolute; top: 0; left: 0; width: 100%; height: 100%;\" title=\"Help Center Video\" src=\"https:\/\/player.vimeo.com\/video\/1006582585?badge=0&amp;autopause=0&amp;transparent=0&amp;muted=1&amp;autoplay=1&amp;player_id=0&amp;app_id=58479\" frameborder=\"0\"><\/iframe><\/div>\n<script src=\"https:\/\/player.vimeo.com\/api\/player.js\"><\/script>-->\n<div id=\"made-in-ny\" style=\"padding: 56.25% 0 0 0; position: relative;\"><\/div>\n<style>\n#made-in-ny iframe{\n\tposition: absolute; top: 0; left: 0; width: 100%; height: 100%;\n}\n\n<\/style>\n<script src=\"https:\/\/player.vimeo.com\/api\/player.js\"><\/script>\n<script>\n    const options2 = {\n        id: 1006582585,\n        loop: true,\n\t\tbadge: 0,\n\t\tautopause: 0,\n\t\ttransparent: 0,\n\t\tmuted: true,\n\t\tautoplay: true\n    };\n\n    const player2 = new Vimeo.Player('made-in-ny', options2);\n\n    player2.setVolume(0);\n \t\n    player2.on('play', function() {\n        console.log('played the video!');\n    });\n<\/script>\n<script>\njQuery(document).ready(function($){\n  \n  \t\/*viemo_player.ready().then(function() {\n    viemo_player.setVolume(0);\n\tviemo_player.play();\n  });*\/\n  \/* #########################################\n   WayPoints JS\n   https:\/\/github.com\/imakewebthings\/\n  ############################################ *\/\n  var inview = new Waypoint.Inview({\n    element: $('#made-in-ny'),\n    \/* The enter callback is triggered when any piece of the element starts entering the viewport *\/\n    enter: function(direction) {\n       \/*player2.setVolume(1);\n\t   player2.play();*\/\n\t   player2.getMuted().then(function(muted) {\n\t\t   if(muted){\n\t\t\t   \n\t\t   }\n    console.log(muted);\n\t\t}).catch(function(error) {\n\t\t\t\/\/ an error occurred\n\t\t});\n    },\n    \/* The entered callback is triggered when the entirety of the element has finished entering the viewport. *\/\n    entered: function(direction) {\n     player2.getMuted().then(function(muted) {\n    console.log(muted);\n\t\t}).catch(function(error) {\n\t\t\t\/\/ an error occurred\n\t\t});\n    },\n    \/* The exit callback is triggered when any piece of the element starts leaving the viewport. *\/\n    exit: function(direction) {\n      console.log('Exit triggered with direction ' + direction);\n    },\n    \/* The exited callback is triggered when the entirety of the element finishes leaving the viewport. *\/\n    exited: function(direction) {\n     \/* player2.setVolume(0);\n\t   player2.play();*\/\n\t   player2.getMuted().then(function(muted) {\n\t\t   if(!muted){\n\t\t\t  player2.setVolume(0); \n\t\t   }\n    console.log(muted);\n\t\t}).catch(function(error) {\n\t\t\t\/\/ an error occurred\n\t\t});\n    }\n  })\n});\n \n\n\n<\/script>\n[\/vc_column_text][\/vc_column][vc_column width=&#8221;1\/2&#8243;][vc_custom_heading heading_semantic=&#8221;h1&#8243; text_size=&#8221;h1&#8243; text_weight=&#8221;900&#8243; uncode_shortcode_id=&#8221;199373&#8243;]Healthspan versus Lifespan[\/vc_custom_heading][vc_custom_heading text_size=&#8221;h1&#8243; text_weight=&#8221;400&#8243; uncode_shortcode_id=&#8221;125378&#8243; el_class=&#8221;reduce-spaces&#8221;]Il ruolo della Medicina Estetica[\/vc_custom_heading][vc_column_text uncode_shortcode_id=&#8221;480933&#8243;]<em>Diamo il via ai lavori di organizzazione del prossimo Congresso della nostra Societ\u00e0. <\/em><em>S<\/em><em>ar\u00e0 il 46\u00b0 Congresso della Societ\u00e0 Italiana di Medicina Estetica (SIME) e il 20\u00b0 dell\u2019Accademia Italiana di Medicina Anti-Aging (AIMAA).<\/em><\/p>\n<p><strong><em>Un\u2019organizzazione che ci vede tutti coinvolti<\/em><\/strong><em> per creare un evento sempre pi\u00f9 innovativo e internazionale, che affronti tutti i temi con un metodo scientifico rigoroso e che dia largo spazio a un confronto aperto e significativo per tutti coloro che vi prenderanno parte.<\/em><\/p>\n<p><em>La nuova sede del <strong>Roma Convention Center La Nuvola<\/strong>, che abbiamo inaugurato nel 2024, ci ha dato l\u2019occasione di rinnovarci e sperimentare <strong>una nuova modalit\u00e0 pi\u00f9 contemporanea e al passo con i tempi di fare congresso<\/strong>. Spazi ampi, ben predisposti e attrezzati per i lavori scientifici, il dialogo con le aziende e l\u2019incontro personale.<\/em><\/p>\n<p><em>Quest\u2019anno avremo un motivo in pi\u00f9 per partecipare al Congresso: verranno celebrati i 50 anni della SIME, che dal 1975 rappresenta il massimo riferimento per La Medicina Estetica in Italia ed \u00e8 riconosciuta in molti paesi Europei, Americani e Asiatici, come una delle Societ\u00e0 di Medicina Estetica pi\u00f9 rigorose da un punto di vista scientifico. <\/em><\/p>\n<p><em>Una cerimonia inaugurale ricca e sorprendente celebrer\u00e0 questo importante evento.<\/em><\/p>\n<p><em>\u201c<strong>Healthspan versus Lifespan: il ruolo della Medicina Estetica<\/strong>\u201d, questo il tema &#8211; che \u00e8 anche una sfida \u2013 per il SIME 2025.<\/em><\/p>\n<p><em>La Medicina Estetica, come \u00e8 sempre stata intesa dalla Societ\u00e0, la definiamo una <strong>medicina preventiva e di mantenimento del benessere psico-fisico<\/strong>, ma soprattutto una medicina che accompagna il paziente nel suo percorso di salute e di cura in collaborazione con gli altri specialisti.<\/em><\/p>\n<p><em>In una realt\u00e0 che vede allungarsi le aspettative di vita e in cui la popolazione anziana ha un peso sempre pi\u00f9 rilevante, il Medico Estetico formato e aggiornato pu\u00f2 certamente affiancare il cammino del paziente nelle diverse fasi della propria vita e anche nel momento in cui insorgano nuove patologie e\/o disabilit\u00e0 legate all&#8217;invecchiamento e alle malattie croniche non trasmissibili.<\/em><\/p>\n<p><em>La Scienza Medica ci ha portato a vivere tutti pi\u00f9 a lungo, ma il passo fondamentale che come societ\u00e0 dobbiamo compiere \u00e8 quello di <strong>vivere a lungo, attivi, in salute e in armonia con il nostro corpo<\/strong>.<\/em><\/p>\n<p><em>Per affrontare questa sfida ci vuole competenza, esperienza e aggiornamento, dialogo con i professionisti di altre discipline e presenza per i nostri pazienti.<\/em><\/p>\n<p><em>Il congresso SIME 2025 affiancher\u00e0 anche quest\u2019anno ai <strong>temi specifici della Medicina Estetica<\/strong> &#8211; affrontati con le pi\u00f9 ampie prospettive e aperti alle pi\u00f9 attuali terapie &#8211; <strong>sessioni live <\/strong>che tanto successo hanno avuto lo scorso anno e che ci sono state richieste a gran voce dai partecipanti.<\/em><\/p>\n<p><em>Le novit\u00e0 dalle aziende saranno presentate in <strong>workshop informativi<\/strong>, ma anche in sessioni scientifiche di dialogo e ampliamento delle conoscenze perch\u00e9 tutti gli operatori del settore siano in primis al servizio dei pazienti e della loro salute.<\/em><\/p>\n<p><strong><em>Aspettiamo il tuo contributo scientifico<\/em><\/strong><em> per arricchire la proposta congressuale, per condividere esperienze e studi clinici, aggiornamenti sulle terapie e sulle nuove tecnologie. <strong>Lavoriamo insieme per costruire il SIME 2025<\/strong> e una Medicina Estetica aperta al futuro, pronta ad affrontare nuove sfide per il benessere dei pazienti.<\/em>[\/vc_column_text][vc_separator sep_color=&#8221;color-nhtu&#8221; uncode_shortcode_id=&#8221;255402&#8243; sep_color_type=&#8221;uncode-palette&#8221; el_height=&#8221;1px&#8221;][\/vc_column][\/vc_row][vc_row row_height_percent=&#8221;0&#8243; override_padding=&#8221;yes&#8221; h_padding=&#8221;2&#8243; top_padding=&#8221;0&#8243; bottom_padding=&#8221;3&#8243; overlay_alpha=&#8221;50&#8243; gutter_size=&#8221;3&#8243; column_width_percent=&#8221;100&#8243; shift_y=&#8221;0&#8243; z_index=&#8221;0&#8243; uncode_shortcode_id=&#8221;112547&#8243;][vc_column width=&#8221;1\/4&#8243;][\/vc_column][vc_column width=&#8221;1\/4&#8243;][\/vc_column][vc_column column_width_percent=&#8221;100&#8243; align_horizontal=&#8221;align_center&#8221; gutter_size=&#8221;3&#8243; overlay_alpha=&#8221;50&#8243; shift_x=&#8221;0&#8243; shift_y=&#8221;0&#8243; shift_y_down=&#8221;0&#8243; z_index=&#8221;0&#8243; medium_width=&#8221;0&#8243; mobile_width=&#8221;0&#8243; width=&#8221;1\/4&#8243; uncode_shortcode_id=&#8221;153189&#8243;][vc_column_text text_lead=&#8221;small&#8221; uncode_shortcode_id=&#8221;810563&#8243;]<\/p>\n<p style=\"text-align: center;\"><strong>Emanuele Bartoletti<\/strong><br \/>\nPresidente del SIME 2025<\/p>\n<p>[\/vc_column_text][vc_single_image media=&#8221;290&#8243; media_width_use_pixel=&#8221;yes&#8221; alignment=&#8221;center&#8221; uncode_shortcode_id=&#8221;162138&#8243; media_width_pixel=&#8221;160&#8243;][\/vc_column][vc_column width=&#8221;1\/4&#8243;][vc_column_text text_lead=&#8221;small&#8221; uncode_shortcode_id=&#8221;517481&#8243;]<\/p>\n<p style=\"text-align: center;\"><strong>Felice Strollo, MD<\/strong><br \/>\nPresidente del 20\u00ba Congresso AIMAA<\/p>\n<p>[\/vc_column_text][vc_single_image media=&#8221;293&#8243; media_width_use_pixel=&#8221;yes&#8221; alignment=&#8221;center&#8221; uncode_shortcode_id=&#8221;133147&#8243; media_width_pixel=&#8221;149&#8243;][\/vc_column][\/vc_row]<\/p>\n<\/div>","protected":false},"excerpt":{"rendered":"<p>[vc_row row_height_percent=&#8221;0&#8243; override_padding=&#8221;yes&#8221; h_padding=&#8221;0&#8243; top_padding=&#8221;2&#8243; bottom_padding=&#8221;2&#8243; overlay_alpha=&#8221;50&#8243; gutter_size=&#8221;3&#8243; column_width_percent=&#8221;100&#8243; shift_y=&#8221;0&#8243; z_index=&#8221;0&#8243; uncode_shortcode_id=&#8221;683780&#8243;][vc_column width=&#8221;1\/2&#8243;][vc_column_text uncode_shortcode_id=&#8221;630763&#8243;][\/vc_column_text][\/vc_column][vc_column width=&#8221;1\/2&#8243;][vc_custom_heading heading_semantic=&#8221;h1&#8243; text_size=&#8221;h1&#8243; text_weight=&#8221;900&#8243; uncode_shortcode_id=&#8221;199373&#8243;]Healthspan versus [&hellip;]<\/p>\n","protected":false},"author":1,"featured_media":0,"parent":1257,"menu_order":0,"comment_status":"closed","ping_status":"closed","template":"","meta":{"_acf_changed":false,"footnotes":""},"class_list":["post-20","page","type-page","status-publish","hentry"],"acf":[],"_links":{"self":[{"href":"https:\/\/simecongress.com\/it\/wp-json\/wp\/v2\/pages\/20","targetHints":{"allow":["GET"]}}],"collection":[{"href":"https:\/\/simecongress.com\/it\/wp-json\/wp\/v2\/pages"}],"about":[{"href":"https:\/\/simecongress.com\/it\/wp-json\/wp\/v2\/types\/page"}],"author":[{"embeddable":true,"href":"https:\/\/simecongress.com\/it\/wp-json\/wp\/v2\/users\/1"}],"replies":[{"embeddable":true,"href":"https:\/\/simecongress.com\/it\/wp-json\/wp\/v2\/comments?post=20"}],"version-history":[{"count":29,"href":"https:\/\/simecongress.com\/it\/wp-json\/wp\/v2\/pages\/20\/revisions"}],"predecessor-version":[{"id":1200,"href":"https:\/\/simecongress.com\/it\/wp-json\/wp\/v2\/pages\/20\/revisions\/1200"}],"up":[{"embeddable":true,"href":"https:\/\/simecongress.com\/it\/wp-json\/wp\/v2\/pages\/1257"}],"wp:attachment":[{"href":"https:\/\/simecongress.com\/it\/wp-json\/wp\/v2\/media?parent=20"}],"curies":[{"name":"wp","href":"https:\/\/api.w.org\/{rel}","templated":true}]}}